{"id":8,"date":"2026-03-23T09:52:22","date_gmt":"2026-03-23T09:52:22","guid":{"rendered":"https:\/\/gorzow.pttk.pl\/?page_id=8"},"modified":"2026-03-29T20:32:40","modified_gmt":"2026-03-29T19:32:40","slug":"kontakt","status":"publish","type":"page","link":"https:\/\/gorzow.pttk.pl\/index.php\/kontakt\/","title":{"rendered":"Kontakt"},"content":{"rendered":"<h3 style=\"text-align: center;\"><strong>Oddzia\u0142 PTTK\u00a0 Ziemi Gorzowskiej<\/strong><\/h3>\n<h4 style=\"text-align: center;\">ul. Mieszka I\u00a0 15\/1\u00a0 66-400 Gorz\u00f3w Wielkopolski\u00a0 \u00a0e-mail:\u00a0 poczta@gorzow.pttk.pl<\/h4>\n<h4 style=\"text-align: center;\"><strong>Siedziba czynna w godzinach:<\/strong><\/h4>\n<h4 style=\"text-align: center;\"><strong>wtorki\u00a0 &#8211;\u00a0 17:30 &#8211; 19:30<\/strong><\/h4>\n<h4 style=\"text-align: center;\"><strong>\u015brody\u00a0 &#8211;\u00a0 16:00 &#8211; 18:00<\/strong><\/h4>\n<h4 style=\"text-align: center;\"><strong>czwartki\u00a0 &#8211;\u00a0 11:00 &#8211; 13:00<\/strong><\/h4>\n<h4 style=\"text-align: center;\">Prezes Ma\u0142gorzata Balbierz\u00a0 <strong>tel. 604 697 485\u00a0 \u00a0e-mail: malgorzata.balbierz@gorzow.pttk.pl<\/strong><\/h4>\n<h4 style=\"text-align: center;\">Wiceprezes Hanna Rudzi\u0144ska\u00a0 <strong>tel. 502 085 707\u00a0 \u00a0e-mail: hanna.rudzinska@gorzow.pttk.pl<\/strong><\/h4>\n<h4 style=\"text-align: center;\">Cz\u0142onek Zarz\u0105du Zbigniew Rudzi\u0144ski\u00a0 tel. 604 207 243\u00a0 \u00a0e-mail: zbigniew.rudzinski@gorzow.pttk.pl<\/h4>\n<h3 style=\"text-align: center;\"><img loading=\"lazy\" decoding=\"async\" class=\"aligncenter wp-image-267 size-full\" src=\"https:\/\/gorzow.pttk.pl\/wp-content\/uploads\/2026\/03\/siedziba-PTTK-m-scaled.jpg\" alt=\"\" width=\"2560\" height=\"1145\" srcset=\"https:\/\/gorzow.pttk.pl\/wp-content\/uploads\/2026\/03\/siedziba-PTTK-m-scaled.jpg 2560w, https:\/\/gorzow.pttk.pl\/wp-content\/uploads\/2026\/03\/siedziba-PTTK-m-300x134.jpg 300w, https:\/\/gorzow.pttk.pl\/wp-content\/uploads\/2026\/03\/siedziba-PTTK-m-1024x458.jpg 1024w, https:\/\/gorzow.pttk.pl\/wp-content\/uploads\/2026\/03\/siedziba-PTTK-m-768x344.jpg 768w, https:\/\/gorzow.pttk.pl\/wp-content\/uploads\/2026\/03\/siedziba-PTTK-m-1536x687.jpg 1536w, https:\/\/gorzow.pttk.pl\/wp-content\/uploads\/2026\/03\/siedziba-PTTK-m-2048x916.jpg 2048w, https:\/\/gorzow.pttk.pl\/wp-content\/uploads\/2026\/03\/siedziba-PTTK-m-421x188.jpg 421w\" sizes=\"auto, (max-width: 2560px) 100vw, 2560px\" \/><\/h3>\n","protected":false},"excerpt":{"rendered":"<p>Oddzia\u0142 PTTK\u00a0 Ziemi Gorzowskiej ul. Mieszka I\u00a0 15\/1\u00a0 66-400 Gorz\u00f3w Wielkopolski\u00a0 \u00a0e-mail:\u00a0 poczta@gorzow.pttk.pl Siedziba czynna w godzinach: wtorki\u00a0 &#8211;\u00a0 17:30 &#8211; 19:30 \u015brody\u00a0 &#8211;\u00a0 16:00 &hellip;<\/p>\n","protected":false},"author":1,"featured_media":0,"parent":0,"menu_order":0,"comment_status":"closed","ping_status":"closed","template":"","meta":{"footnotes":""},"class_list":["post-8","page","type-page","status-publish","hentry"],"_links":{"self":[{"href":"https:\/\/gorzow.pttk.pl\/index.php\/wp-json\/wp\/v2\/pages\/8","targetHints":{"allow":["GET"]}}],"collection":[{"href":"https:\/\/gorzow.pttk.pl\/index.php\/wp-json\/wp\/v2\/pages"}],"about":[{"href":"https:\/\/gorzow.pttk.pl\/index.php\/wp-json\/wp\/v2\/types\/page"}],"author":[{"embeddable":true,"href":"https:\/\/gorzow.pttk.pl\/index.php\/wp-json\/wp\/v2\/users\/1"}],"replies":[{"embeddable":true,"href":"https:\/\/gorzow.pttk.pl\/index.php\/wp-json\/wp\/v2\/comments?post=8"}],"version-history":[{"count":23,"href":"https:\/\/gorzow.pttk.pl\/index.php\/wp-json\/wp\/v2\/pages\/8\/revisions"}],"predecessor-version":[{"id":268,"href":"https:\/\/gorzow.pttk.pl\/index.php\/wp-json\/wp\/v2\/pages\/8\/revisions\/268"}],"wp:attachment":[{"href":"https:\/\/gorzow.pttk.pl\/index.php\/wp-json\/wp\/v2\/media?parent=8"}],"curies":[{"name":"wp","href":"https:\/\/api.w.org\/{rel}","templated":true}]}}