{"id":372,"date":"2026-04-01T10:17:33","date_gmt":"2026-04-01T09:17:33","guid":{"rendered":"https:\/\/gorzow.pttk.pl\/?page_id=372"},"modified":"2026-04-04T13:17:11","modified_gmt":"2026-04-04T12:17:11","slug":"regionalna","status":"publish","type":"page","link":"https:\/\/gorzow.pttk.pl\/index.php\/regionalna\/","title":{"rendered":"Odznaka Krajoznawcza PTTK Ziemi Gorzowskiej"},"content":{"rendered":"<h4 style=\"text-align: center;\"><a href=\"https:\/\/gorzow.pttk.pl\/wp-content\/uploads\/2026\/04\/Regulamin-do-Odznaki-Krajoznawczej-PTTK-Ziemi-Gorzowskiej.pdf\" target=\"_blank\" rel=\"noopener\">Regulamin do Odznaki Krajoznawczej PTTK Ziemi Gorzowskiej<\/a><\/h4>\n<h4 style=\"text-align: center;\"><a href=\"https:\/\/gorzow.pttk.pl\/wp-content\/uploads\/2026\/04\/nowy-wykaz-Odznaki-Krajoznawczej-PTTK-Ziemi-Gorzowskiej-od-2026.pdf\" target=\"_blank\" rel=\"noopener\"><strong>Wykaz obiekt\u00f3w do Odznaki Krajoznawczej PTTK Ziemi Gorzowskiej <\/strong><strong>obowi\u0105zuj\u0105cy od 2026 roku<\/strong><\/a><\/h4>\n<h4 style=\"text-align: center;\"><a href=\"https:\/\/gorzow.pttk.pl\/wp-content\/uploads\/2026\/04\/wykaz-obiektow-regulamin-do-2027.pdf\" target=\"_blank\" rel=\"noopener\"><strong>Wykaz obiekt\u00f3w do Odznaki Krajoznawczej PTTK Ziemi Gorzowskiej <\/strong><strong>obowi\u0105zuj\u0105cy do ko\u0144ca 2027 roku<\/strong><\/a><\/h4>\n<h4 style=\"text-align: center;\"><strong>Z\u0142ota<\/strong><\/h4>\n<p><img loading=\"lazy\" decoding=\"async\" class=\"wp-image-444 size-medium aligncenter\" src=\"https:\/\/gorzow.pttk.pl\/wp-content\/uploads\/2026\/04\/3-e1775153575421-300x287.jpg\" alt=\"\" width=\"300\" height=\"287\" srcset=\"https:\/\/gorzow.pttk.pl\/wp-content\/uploads\/2026\/04\/3-e1775153575421-300x287.jpg 300w, https:\/\/gorzow.pttk.pl\/wp-content\/uploads\/2026\/04\/3-e1775153575421-1024x981.jpg 1024w, https:\/\/gorzow.pttk.pl\/wp-content\/uploads\/2026\/04\/3-e1775153575421-768x736.jpg 768w, https:\/\/gorzow.pttk.pl\/wp-content\/uploads\/2026\/04\/3-e1775153575421-313x300.jpg 313w, https:\/\/gorzow.pttk.pl\/wp-content\/uploads\/2026\/04\/3-e1775153575421.jpg 1196w\" sizes=\"auto, (max-width: 300px) 100vw, 300px\" \/><\/p>\n<h4 style=\"text-align: center;\"><strong>Srebrna<\/strong><\/h4>\n<h4 style=\"text-align: center;\"><img loading=\"lazy\" decoding=\"async\" class=\"alignnone size-medium wp-image-483\" src=\"https:\/\/gorzow.pttk.pl\/wp-content\/uploads\/2026\/04\/2-e1775242574916-300x279.jpg\" alt=\"\" width=\"300\" height=\"279\" srcset=\"https:\/\/gorzow.pttk.pl\/wp-content\/uploads\/2026\/04\/2-e1775242574916-300x279.jpg 300w, https:\/\/gorzow.pttk.pl\/wp-content\/uploads\/2026\/04\/2-e1775242574916-1024x951.jpg 1024w, https:\/\/gorzow.pttk.pl\/wp-content\/uploads\/2026\/04\/2-e1775242574916-768x713.jpg 768w, https:\/\/gorzow.pttk.pl\/wp-content\/uploads\/2026\/04\/2-e1775242574916-323x300.jpg 323w, https:\/\/gorzow.pttk.pl\/wp-content\/uploads\/2026\/04\/2-e1775242574916.jpg 1382w\" sizes=\"auto, (max-width: 300px) 100vw, 300px\" \/><\/h4>\n<h4 style=\"text-align: center;\"><strong>Br\u0105zowa<\/strong><\/h4>\n<p style=\"text-align: center;\"><img loading=\"lazy\" decoding=\"async\" class=\"alignnone wp-image-439 size-medium\" src=\"https:\/\/gorzow.pttk.pl\/wp-content\/uploads\/2026\/04\/1-e1775153327921-300x300.jpg\" alt=\"\" width=\"300\" height=\"300\" srcset=\"https:\/\/gorzow.pttk.pl\/wp-content\/uploads\/2026\/04\/1-e1775153327921-300x300.jpg 300w, https:\/\/gorzow.pttk.pl\/wp-content\/uploads\/2026\/04\/1-e1775153327921-1024x1024.jpg 1024w, https:\/\/gorzow.pttk.pl\/wp-content\/uploads\/2026\/04\/1-e1775153327921-150x150.jpg 150w, https:\/\/gorzow.pttk.pl\/wp-content\/uploads\/2026\/04\/1-e1775153327921-768x768.jpg 768w, https:\/\/gorzow.pttk.pl\/wp-content\/uploads\/2026\/04\/1-e1775153327921.jpg 1533w\" sizes=\"auto, (max-width: 300px) 100vw, 300px\" \/><\/p>\n<h4><\/h4>\n<p style=\"text-align: center;\">\n","protected":false},"excerpt":{"rendered":"<p>Regulamin do Odznaki Krajoznawczej PTTK Ziemi Gorzowskiej Wykaz obiekt\u00f3w do Odznaki Krajoznawczej PTTK Ziemi Gorzowskiej obowi\u0105zuj\u0105cy od 2026 roku Wykaz obiekt\u00f3w do Odznaki Krajoznawczej PTTK &hellip;<\/p>\n","protected":false},"author":1,"featured_media":0,"parent":0,"menu_order":0,"comment_status":"closed","ping_status":"closed","template":"","meta":{"footnotes":""},"class_list":["post-372","page","type-page","status-publish","hentry"],"_links":{"self":[{"href":"https:\/\/gorzow.pttk.pl\/index.php\/wp-json\/wp\/v2\/pages\/372","targetHints":{"allow":["GET"]}}],"collection":[{"href":"https:\/\/gorzow.pttk.pl\/index.php\/wp-json\/wp\/v2\/pages"}],"about":[{"href":"https:\/\/gorzow.pttk.pl\/index.php\/wp-json\/wp\/v2\/types\/page"}],"author":[{"embeddable":true,"href":"https:\/\/gorzow.pttk.pl\/index.php\/wp-json\/wp\/v2\/users\/1"}],"replies":[{"embeddable":true,"href":"https:\/\/gorzow.pttk.pl\/index.php\/wp-json\/wp\/v2\/comments?post=372"}],"version-history":[{"count":19,"href":"https:\/\/gorzow.pttk.pl\/index.php\/wp-json\/wp\/v2\/pages\/372\/revisions"}],"predecessor-version":[{"id":500,"href":"https:\/\/gorzow.pttk.pl\/index.php\/wp-json\/wp\/v2\/pages\/372\/revisions\/500"}],"wp:attachment":[{"href":"https:\/\/gorzow.pttk.pl\/index.php\/wp-json\/wp\/v2\/media?parent=372"}],"curies":[{"name":"wp","href":"https:\/\/api.w.org\/{rel}","templated":true}]}}