{"id":31,"date":"2026-03-23T23:24:17","date_gmt":"2026-03-23T23:24:17","guid":{"rendered":"https:\/\/gorzow.pttk.pl\/?page_id=31"},"modified":"2026-03-30T19:17:30","modified_gmt":"2026-03-30T18:17:30","slug":"o-nas","status":"publish","type":"page","link":"https:\/\/gorzow.pttk.pl\/index.php\/o-nas\/","title":{"rendered":"O nas"},"content":{"rendered":"<h2>O Oddziale PTTK Ziemi Gorzowskiej<\/h2>\n<h4><\/h4>\n<h3>Kim jeste\u015bmy?<\/h3>\n<h4>Polskie Towarzystwo Turystyczno-Krajoznawcze Oddzia\u0142 Ziemi Gorzowskiej w Gorzowie Wielkopolskim to wsp\u00f3lnota pasjonat\u00f3w, kt\u00f3rych \u0142\u0105czy mi\u0142o\u015b\u0107 do natury, historii oraz aktywnego wypoczynku. Jeste\u015bmy cz\u0119\u015bci\u0105 najstarszego w Polsce stowarzyszenia turystycznego, kontynuuj\u0105c tradycje krajoznawstwa na terenie wojew\u00f3dztwa lubuskiego.<\/h4>\n<h4>Nasz oddzia\u0142 od 1999 roku zrzesza mi\u0142o\u015bnik\u00f3w turystyki pieszej, rowerowej, kajakowej, g\u00f3rskiej oraz krajoznawc\u00f3w, kt\u00f3rzy chc\u0105 odkrywa\u0107 pi\u0119kno naszej &#8222;ma\u0142ej ojczyzny&#8221; i dzieli\u0107 si\u0119 t\u0105 pasj\u0105 z innymi.<\/h4>\n<h4><\/h4>\n<h3>Nasza misja<\/h3>\n<h4>Naszym celem jest nie tylko organizacja wypraw, ale przede wszystkim:<\/h4>\n<h4>\u00a0* Promocja regionu:<\/h4>\n<h4>\u00a0\u00a0\u00a0 &#8211; Pokazujemy unikalne walory przyrodnicze i historyczne Ziemi Gorzowskiej.<\/h4>\n<h4>\u00a0* Edukacja:<\/h4>\n<h4>\u00a0\u00a0\u00a0 &#8211; prowadzimy przyjazne dzia\u0142ania przyrodnicze w oparciu o Edukacyjny Park Dendrologiczny PTTK w Mo\u015bcicach.<\/h4>\n<h4>\u00a0\u00a0\u00a0 &#8211; Realizujemy projekty edukacyjno-krajoznawcze skierowane do dzieci i m\u0142odzie\u017cy szkolnej.<\/h4>\n<h4>\u00a0* Integracja:<\/h4>\n<h4>\u00a0\u00a0\u00a0 &#8211; Tworzymy przestrze\u0144 dla os\u00f3b w ka\u017cdym wieku \u2013 od dzieci i m\u0142odzie\u017cy, po senior\u00f3w oraz dla os\u00f3b z niepe\u0142nosprawno\u015bciami \u2013 do wsp\u00f3lnego sp\u0119dzania czasu na szlaku.<\/h4>\n<h4>\u00a0\u00a0\u00a0 &#8211; Prowadzimy Regionaln\u0105 Pracowni\u0119 Krajoznawcz\u0105 PTTK.<\/h4>\n<h3><\/h3>\n<h3>Do\u0142\u0105cz do nas!<\/h3>\n<h4>Nie musisz by\u0107 zawodowym podr\u00f3\u017cnikiem, by zosta\u0107 cz\u0142onkiem PTTK. Wystarczy ciekawo\u015b\u0107 \u015bwiata i ch\u0119\u0107 wyj\u015bcia z domu. Jako cz\u0142onek zyskujesz:<\/h4>\n<h4>\u00a0* Ubezpieczenie NNW na wszystkich szlakach w Polsce i Europie.<\/h4>\n<h4>\u00a0* Zni\u017cki w schroniskach PTTK na terenie ca\u0142ego kraju.<\/h4>\n<h4>\u00a0* Mo\u017cliwo\u015b\u0107 zdobywania odznak turystycznych pod okiem do\u015bwiadczonych weryfikator\u00f3w.<\/h4>\n","protected":false},"excerpt":{"rendered":"<p>O Oddziale PTTK Ziemi Gorzowskiej Kim jeste\u015bmy? Polskie Towarzystwo Turystyczno-Krajoznawcze Oddzia\u0142 Ziemi Gorzowskiej w Gorzowie Wielkopolskim to wsp\u00f3lnota pasjonat\u00f3w, kt\u00f3rych \u0142\u0105czy mi\u0142o\u015b\u0107 do natury, historii &hellip;<\/p>\n","protected":false},"author":1,"featured_media":0,"parent":0,"menu_order":0,"comment_status":"closed","ping_status":"closed","template":"","meta":{"footnotes":""},"class_list":["post-31","page","type-page","status-publish","hentry"],"_links":{"self":[{"href":"https:\/\/gorzow.pttk.pl\/index.php\/wp-json\/wp\/v2\/pages\/31","targetHints":{"allow":["GET"]}}],"collection":[{"href":"https:\/\/gorzow.pttk.pl\/index.php\/wp-json\/wp\/v2\/pages"}],"about":[{"href":"https:\/\/gorzow.pttk.pl\/index.php\/wp-json\/wp\/v2\/types\/page"}],"author":[{"embeddable":true,"href":"https:\/\/gorzow.pttk.pl\/index.php\/wp-json\/wp\/v2\/users\/1"}],"replies":[{"embeddable":true,"href":"https:\/\/gorzow.pttk.pl\/index.php\/wp-json\/wp\/v2\/comments?post=31"}],"version-history":[{"count":7,"href":"https:\/\/gorzow.pttk.pl\/index.php\/wp-json\/wp\/v2\/pages\/31\/revisions"}],"predecessor-version":[{"id":322,"href":"https:\/\/gorzow.pttk.pl\/index.php\/wp-json\/wp\/v2\/pages\/31\/revisions\/322"}],"wp:attachment":[{"href":"https:\/\/gorzow.pttk.pl\/index.php\/wp-json\/wp\/v2\/media?parent=31"}],"curies":[{"name":"wp","href":"https:\/\/api.w.org\/{rel}","templated":true}]}}