{"id":202,"date":"2026-03-29T11:07:35","date_gmt":"2026-03-29T10:07:35","guid":{"rendered":"https:\/\/gorzow.pttk.pl\/?page_id=202"},"modified":"2026-05-11T19:46:37","modified_gmt":"2026-05-11T18:46:37","slug":"aktualnosci","status":"publish","type":"page","link":"https:\/\/gorzow.pttk.pl\/index.php\/aktualnosci\/","title":{"rendered":"Aktualno\u015bci"},"content":{"rendered":"<h4><\/h4>\n<h4 style=\"text-align: center;\"><strong>====================<\/strong><\/h4>\n<h4><\/h4>\n<h4 style=\"text-align: center;\"><img loading=\"lazy\" decoding=\"async\" class=\"alignnone wp-image-690 size-full\" src=\"https:\/\/gorzow.pttk.pl\/wp-content\/uploads\/2026\/05\/05.-Spacer.jpg\" alt=\"\" width=\"1200\" height=\"629\" srcset=\"https:\/\/gorzow.pttk.pl\/wp-content\/uploads\/2026\/05\/05.-Spacer.jpg 1200w, https:\/\/gorzow.pttk.pl\/wp-content\/uploads\/2026\/05\/05.-Spacer-300x157.jpg 300w, https:\/\/gorzow.pttk.pl\/wp-content\/uploads\/2026\/05\/05.-Spacer-1024x537.jpg 1024w, https:\/\/gorzow.pttk.pl\/wp-content\/uploads\/2026\/05\/05.-Spacer-768x403.jpg 768w, https:\/\/gorzow.pttk.pl\/wp-content\/uploads\/2026\/05\/05.-Spacer-572x300.jpg 572w\" sizes=\"auto, (max-width: 1200px) 100vw, 1200px\" \/><\/h4>\n<h4 style=\"text-align: center;\"><a href=\"https:\/\/www.facebook.com\/pttkziemiagorzowska\/posts\/pfbid038JWnrwJh4Jw3NqgJq2CigLR6qBMb36ms2suVpQqxTRUn2Q8ZBfED3r3L6nX9wB4Rl\" target=\"_blank\" rel=\"noopener\">Kilka s\u0142\u00f3w od przewodnika<\/a><\/h4>\n<h4 style=\"text-align: center;\">W 2026 wracamy do spacer\u00f3w po Gorzowie!<\/h4>\n<h4 style=\"text-align: center;\"><\/h4>\n<h4 style=\"text-align: center;\">Czeka na Was sze\u015b\u0107 spacer\u00f3w, od maja do pa\u017adziernika.<\/h4>\n<h4><\/h4>\n<h4>16 maja p\u00f3jdziemy &#8222;szlakiem (nie)Bezpiecznego Urz\u0119du&#8221;. Po 1945 roku w Gorzowie wiele si\u0119 dzia\u0142o&#8230; &#8222;dziki Zach\u00f3d&#8221; to ma\u0142o powiedziane. Mowa b\u0119dzie o miejscach i ludziach, kt\u00f3rych nie chcieliby\u015bcie spotka\u0107 nawet w \u201ebia\u0142y dzie\u0144\u201d. Okrutni, przekupni \u201estr\u00f3\u017ce porz\u0105dku\u201d, lekarze o \u201ekamiennych sercach\u201d bez wiedzy medycznej.<\/h4>\n<h4><\/h4>\n<h4>Punktami, kt\u00f3re odwiedzimy na mapie Gorzowa b\u0119d\u0105 miejsca zwi\u0105zane z urz\u0119dami, kt\u00f3rych zadaniem by\u0142o &#8222;utrzymanie porz\u0105dku&#8221; i &#8222;bezpiecze\u0144stwa&#8221;. Jak im si\u0119 to udawa\u0142o? Przyjd\u017acie, pos\u0142uchajcie. Do zobaczenia!<\/h4>\n<h4><\/h4>\n<h4>\u2139\ufe0f \u201eChod\u017aMY na spacer\u201d to kontynuacja cyklu, kt\u00f3ry realizowany by\u0142 przez Urz\u0105d Miasta oraz PTTK Ziemia Gorzowska w latach 2021-2024.<\/h4>\n<h4><\/h4>\n<h4>\ud83d\udccc Spacery b\u0119d\u0105 odbywa\u0142y zawsze o tej samej godzinie (10.00) i z tego samego miejsca (Stary Rynek).<\/h4>\n<h4>\ud83d\udccc przewodnikiem na ka\u017cdym spacerze b\u0119dzie Zbigniew Rudzi\u0144ski, do\u015bwiadczony turysta, krajoznawca, podr\u00f3\u017cnik i alpinista. Autor przewodnik\u00f3w turystycznych.<\/h4>\n<h4>\ud83d\udccc \u017ceby wzi\u0105\u0107 udzia\u0142 w spacerze nie trzeba wcze\u015bniej zapisywa\u0107 si\u0119 czy zg\u0142asza\u0107 swojego udzia\u0142u.<\/h4>\n<h4>\ud83d\udccc warto wzi\u0105\u0107 wod\u0119, wygodne buty i lornetk\u0119<\/h4>\n<h4>\ud83d\udccc spacery b\u0119d\u0105 prowadzone bez wzgl\u0119du na warunki pogodowe. Jedynym powodem do odwo\u0142ania i prze\u0142o\u017cenia wydarzenia b\u0119dzie intensywna burza i ulewny deszcz w godzinie rozpocz\u0119cia spaceru.<\/h4>\n<h4>\ud83d\udccc organizatorem jest miasto Gorz\u00f3w<\/h4>\n<h4><\/h4>\n<h4>\ud83c\udd93 Udzia\u0142 w wydarzeniu jest bezp\u0142atny dla uczestnik\u00f3w. Jedyny koszt, jaki ponosz\u0105 uczestnicy, to zakup niezb\u0119dnych bilet\u00f3w komunikacji miejskiej, je\u015bli program wycieczki zak\u0142ada wykorzystanie transportu publicznego.<\/h4>\n<h4>________________<\/h4>\n<h4 style=\"text-align: center;\">Udzia\u0142 w spacerze oznacza akceptacj\u0119 regulaminu:<\/h4>\n<h4>\u2139 Zabrania si\u0119 uczestnictwa w Spacerze po spo\u017cyciu alkoholu oraz spo\u017cywania alkoholu w trakcie Spaceru.<\/h4>\n<h4>\u2139 Uczestnicy Spaceru ubezpieczaj\u0105 si\u0119 we w\u0142asnym zakresie i bior\u0105 udzia\u0142 w rajdzie na w\u0142asn\u0105 odpowiedzialno\u015b\u0107. Cz\u0142onkowie PTTK maj\u0105cy op\u0142acone sk\u0142adki s\u0105 obj\u0119ci grupowym ubezpieczeniem NW w PTTK. Organizatorzy nie ponosz\u0105 odpowiedzialno\u015bci cywilnej w przypadku szkody powsta\u0142ej w mieniu lub na osobie uczestnika.<\/h4>\n<h4>\u2139 Bior\u0105c udzia\u0142 w Spacerze, uczestnik wyra\u017ca zgod\u0119 na gromadzenie, przetwarzanie i bezp\u0142atne wykorzystanie materia\u0142\u00f3w audiowizualnych ze swoim udzia\u0142em w celach promocyjnych PTTK i UM Gorz\u00f3w Wlkp.<\/h4>\n<h4><\/h4>\n<h4>\u017byczymy s\u0142onecznej pogody, mi\u0142ych wra\u017ce\u0144 turystycznych i dobrego wypoczynku i&#8230; do zobaczenia!<\/h4>\n<h4><\/h4>\n<h4>P.S. Zdj\u0119ciami ze spaceru i wra\u017ceniami mo\u017cecie podzieli\u0107 si\u0119 <a href=\"https:\/\/www.facebook.com\/pttkziemiagorzowska\/?locale=pl_PL\" target=\"_blank\" rel=\"noopener\">tutaj<\/a>, na stronie wydarzenia lub na grupie Fotografujemy Gorz\u00f3w.<\/h4>\n<h4><\/h4>\n<h4 style=\"text-align: center;\">Terminy kolejnych spacer\u00f3w to:<\/h4>\n<ul>\n<li>\n<h4>16 maja: Szlakiem (Nie)Bezpiecznego Urz\u0119du<\/h4>\n<\/li>\n<li>\n<h4>20 czerwca: Detale gorzowskich kamienic<\/h4>\n<\/li>\n<li>\n<h4>25 lipca: Co si\u0119 kryje pod ziemi\u0105?<\/h4>\n<\/li>\n<li>\n<h4>22 sierpnia: Szlakiem miejskich legend<\/h4>\n<\/li>\n<li>\n<h4>19 wrze\u015bnia: Od historii drogi do doliny Srebrnej<\/h4>\n<\/li>\n<li>\n<h4>10 pa\u017adziernika: Siedem gorzowskich wzg\u00f3rz<\/h4>\n<\/li>\n<\/ul>\n<h4 style=\"text-align: center;\"><strong>====================<\/strong><\/h4>\n<h4 style=\"text-align: center;\"><span style=\"color: #f70244;\">TRWAJ\u0104 ZAPISY<\/span><\/h4>\n<p style=\"text-align: center;\"><img loading=\"lazy\" decoding=\"async\" class=\"alignnone wp-image-688 size-full\" src=\"https:\/\/gorzow.pttk.pl\/wp-content\/uploads\/2026\/05\/04.-Ksiaz-1.jpg\" alt=\"\" width=\"1448\" height=\"2048\" srcset=\"https:\/\/gorzow.pttk.pl\/wp-content\/uploads\/2026\/05\/04.-Ksiaz-1.jpg 1448w, https:\/\/gorzow.pttk.pl\/wp-content\/uploads\/2026\/05\/04.-Ksiaz-1-212x300.jpg 212w, https:\/\/gorzow.pttk.pl\/wp-content\/uploads\/2026\/05\/04.-Ksiaz-1-724x1024.jpg 724w, https:\/\/gorzow.pttk.pl\/wp-content\/uploads\/2026\/05\/04.-Ksiaz-1-768x1086.jpg 768w, https:\/\/gorzow.pttk.pl\/wp-content\/uploads\/2026\/05\/04.-Ksiaz-1-1086x1536.jpg 1086w\" sizes=\"auto, (max-width: 1448px) 100vw, 1448px\" \/><\/p>\n<p style=\"text-align: center;\"><img loading=\"lazy\" decoding=\"async\" class=\"alignnone wp-image-687 size-full\" src=\"https:\/\/gorzow.pttk.pl\/wp-content\/uploads\/2026\/05\/04.-Ksiaz-2.jpg\" alt=\"\" width=\"1448\" height=\"2048\" srcset=\"https:\/\/gorzow.pttk.pl\/wp-content\/uploads\/2026\/05\/04.-Ksiaz-2.jpg 1448w, https:\/\/gorzow.pttk.pl\/wp-content\/uploads\/2026\/05\/04.-Ksiaz-2-212x300.jpg 212w, https:\/\/gorzow.pttk.pl\/wp-content\/uploads\/2026\/05\/04.-Ksiaz-2-724x1024.jpg 724w, https:\/\/gorzow.pttk.pl\/wp-content\/uploads\/2026\/05\/04.-Ksiaz-2-768x1086.jpg 768w, https:\/\/gorzow.pttk.pl\/wp-content\/uploads\/2026\/05\/04.-Ksiaz-2-1086x1536.jpg 1086w\" sizes=\"auto, (max-width: 1448px) 100vw, 1448px\" \/><\/p>\n<h4 style=\"text-align: center;\"><strong>====================<\/strong><\/h4>\n<h4 style=\"text-align: center;\"><span style=\"color: #f70244;\">TRWAJ\u0104 ZAPISY<\/span><\/h4>\n<h4><img loading=\"lazy\" decoding=\"async\" class=\"alignnone wp-image-683 size-full\" src=\"https:\/\/gorzow.pttk.pl\/wp-content\/uploads\/2026\/05\/Bogdanieckie-Rezerwaty-1.jpg\" alt=\"\" width=\"1448\" height=\"2048\" srcset=\"https:\/\/gorzow.pttk.pl\/wp-content\/uploads\/2026\/05\/Bogdanieckie-Rezerwaty-1.jpg 1448w, https:\/\/gorzow.pttk.pl\/wp-content\/uploads\/2026\/05\/Bogdanieckie-Rezerwaty-1-212x300.jpg 212w, https:\/\/gorzow.pttk.pl\/wp-content\/uploads\/2026\/05\/Bogdanieckie-Rezerwaty-1-724x1024.jpg 724w, https:\/\/gorzow.pttk.pl\/wp-content\/uploads\/2026\/05\/Bogdanieckie-Rezerwaty-1-768x1086.jpg 768w, https:\/\/gorzow.pttk.pl\/wp-content\/uploads\/2026\/05\/Bogdanieckie-Rezerwaty-1-1086x1536.jpg 1086w\" sizes=\"auto, (max-width: 1448px) 100vw, 1448px\" \/><\/h4>\n<h4><img loading=\"lazy\" decoding=\"async\" class=\"alignnone wp-image-684 size-full\" src=\"https:\/\/gorzow.pttk.pl\/wp-content\/uploads\/2026\/05\/Bogdanieckie-Rezerwaty-2.jpg\" alt=\"\" width=\"1448\" height=\"2048\" srcset=\"https:\/\/gorzow.pttk.pl\/wp-content\/uploads\/2026\/05\/Bogdanieckie-Rezerwaty-2.jpg 1448w, https:\/\/gorzow.pttk.pl\/wp-content\/uploads\/2026\/05\/Bogdanieckie-Rezerwaty-2-212x300.jpg 212w, https:\/\/gorzow.pttk.pl\/wp-content\/uploads\/2026\/05\/Bogdanieckie-Rezerwaty-2-724x1024.jpg 724w, https:\/\/gorzow.pttk.pl\/wp-content\/uploads\/2026\/05\/Bogdanieckie-Rezerwaty-2-768x1086.jpg 768w, https:\/\/gorzow.pttk.pl\/wp-content\/uploads\/2026\/05\/Bogdanieckie-Rezerwaty-2-1086x1536.jpg 1086w\" sizes=\"auto, (max-width: 1448px) 100vw, 1448px\" \/><\/h4>\n<h4 style=\"text-align: center;\"><strong>====================<\/strong><\/h4>\n<h4 style=\"text-align: center;\"><span style=\"color: #f70244;\"><strong>NAB\u00d3R ZAKO\u0143CZONY<\/strong><\/span><\/h4>\n<h4 style=\"text-align: center;\"><img loading=\"lazy\" decoding=\"async\" class=\"size-large wp-image-634 aligncenter\" src=\"https:\/\/gorzow.pttk.pl\/wp-content\/uploads\/2026\/04\/Rzeszow-13-17.05.-1-724x1024.jpeg\" alt=\"\" width=\"724\" height=\"1024\" srcset=\"https:\/\/gorzow.pttk.pl\/wp-content\/uploads\/2026\/04\/Rzeszow-13-17.05.-1-724x1024.jpeg 724w, https:\/\/gorzow.pttk.pl\/wp-content\/uploads\/2026\/04\/Rzeszow-13-17.05.-1-212x300.jpeg 212w, https:\/\/gorzow.pttk.pl\/wp-content\/uploads\/2026\/04\/Rzeszow-13-17.05.-1-768x1086.jpeg 768w, https:\/\/gorzow.pttk.pl\/wp-content\/uploads\/2026\/04\/Rzeszow-13-17.05.-1-1086x1536.jpeg 1086w, https:\/\/gorzow.pttk.pl\/wp-content\/uploads\/2026\/04\/Rzeszow-13-17.05.-1.jpeg 1448w\" sizes=\"auto, (max-width: 724px) 100vw, 724px\" \/><\/h4>\n<h4 style=\"text-align: center;\"><img loading=\"lazy\" decoding=\"async\" class=\"size-large wp-image-633 aligncenter\" src=\"https:\/\/gorzow.pttk.pl\/wp-content\/uploads\/2026\/04\/Rzeszow-13-17.05.-2-724x1024.jpeg\" alt=\"\" width=\"724\" height=\"1024\" srcset=\"https:\/\/gorzow.pttk.pl\/wp-content\/uploads\/2026\/04\/Rzeszow-13-17.05.-2-724x1024.jpeg 724w, https:\/\/gorzow.pttk.pl\/wp-content\/uploads\/2026\/04\/Rzeszow-13-17.05.-2-212x300.jpeg 212w, https:\/\/gorzow.pttk.pl\/wp-content\/uploads\/2026\/04\/Rzeszow-13-17.05.-2-768x1086.jpeg 768w, https:\/\/gorzow.pttk.pl\/wp-content\/uploads\/2026\/04\/Rzeszow-13-17.05.-2-1086x1536.jpeg 1086w, https:\/\/gorzow.pttk.pl\/wp-content\/uploads\/2026\/04\/Rzeszow-13-17.05.-2.jpeg 1448w\" sizes=\"auto, (max-width: 724px) 100vw, 724px\" \/><\/h4>\n<h4 style=\"text-align: center;\"><strong>====================<\/strong><\/h4>\n<p style=\"text-align: center;\"><img loading=\"lazy\" decoding=\"async\" class=\"aligncenter wp-image-269 size-full\" src=\"https:\/\/gorzow.pttk.pl\/wp-content\/uploads\/2026\/03\/Rehabilitacja-scaled.jpg\" alt=\"\" width=\"1440\" height=\"2560\" srcset=\"https:\/\/gorzow.pttk.pl\/wp-content\/uploads\/2026\/03\/Rehabilitacja-scaled.jpg 1440w, https:\/\/gorzow.pttk.pl\/wp-content\/uploads\/2026\/03\/Rehabilitacja-169x300.jpg 169w, https:\/\/gorzow.pttk.pl\/wp-content\/uploads\/2026\/03\/Rehabilitacja-576x1024.jpg 576w, https:\/\/gorzow.pttk.pl\/wp-content\/uploads\/2026\/03\/Rehabilitacja-768x1365.jpg 768w, https:\/\/gorzow.pttk.pl\/wp-content\/uploads\/2026\/03\/Rehabilitacja-864x1536.jpg 864w, https:\/\/gorzow.pttk.pl\/wp-content\/uploads\/2026\/03\/Rehabilitacja-1152x2048.jpg 1152w\" sizes=\"auto, (max-width: 1440px) 100vw, 1440px\" \/><\/p>\n","protected":false},"excerpt":{"rendered":"<p>==================== Kilka s\u0142\u00f3w od przewodnika W 2026 wracamy do spacer\u00f3w po Gorzowie! Czeka na Was sze\u015b\u0107 spacer\u00f3w, od maja do pa\u017adziernika. 16 maja p\u00f3jdziemy &#8222;szlakiem &hellip;<\/p>\n","protected":false},"author":1,"featured_media":0,"parent":0,"menu_order":0,"comment_status":"closed","ping_status":"closed","template":"","meta":{"footnotes":""},"class_list":["post-202","page","type-page","status-publish","hentry"],"_links":{"self":[{"href":"https:\/\/gorzow.pttk.pl\/index.php\/wp-json\/wp\/v2\/pages\/202","targetHints":{"allow":["GET"]}}],"collection":[{"href":"https:\/\/gorzow.pttk.pl\/index.php\/wp-json\/wp\/v2\/pages"}],"about":[{"href":"https:\/\/gorzow.pttk.pl\/index.php\/wp-json\/wp\/v2\/types\/page"}],"author":[{"embeddable":true,"href":"https:\/\/gorzow.pttk.pl\/index.php\/wp-json\/wp\/v2\/users\/1"}],"replies":[{"embeddable":true,"href":"https:\/\/gorzow.pttk.pl\/index.php\/wp-json\/wp\/v2\/comments?post=202"}],"version-history":[{"count":35,"href":"https:\/\/gorzow.pttk.pl\/index.php\/wp-json\/wp\/v2\/pages\/202\/revisions"}],"predecessor-version":[{"id":734,"href":"https:\/\/gorzow.pttk.pl\/index.php\/wp-json\/wp\/v2\/pages\/202\/revisions\/734"}],"wp:attachment":[{"href":"https:\/\/gorzow.pttk.pl\/index.php\/wp-json\/wp\/v2\/media?parent=202"}],"curies":[{"name":"wp","href":"https:\/\/api.w.org\/{rel}","templated":true}]}}